{"id":18,"date":"2020-05-02T12:41:41","date_gmt":"2020-05-02T15:41:41","guid":{"rendered":"http:\/\/localhost\/~rafaelortman\/LAV\/wordpress\/?page_id=18"},"modified":"2022-04-13T13:17:47","modified_gmt":"2022-04-13T16:17:47","slug":"dados","status":"publish","type":"page","link":"https:\/\/lav-uerj.org\/en\/dados\/","title":{"rendered":"Dados"},"content":{"rendered":"<p><b><span data-contrast=\"auto\">REGISTROS OFICIAIS DE SEGURAN\u00c7A P\u00daBLICA<\/span><\/b><span data-ccp-props=\"{\"201341983\":0,\"335559685\":720,\"335559739\":160,\"335559740\":240,\"335559991\":360,\"469777462\":[720],\"469777927\":[0],\"469777928\":[8]}\">\u00a0<\/span><\/p>\n<p><span data-ccp-props=\"{\"201341983\":0,\"335559739\":160,\"335559740\":240}\">\u00a0<\/span><\/p>\n<p><a href=\"http:\/\/www.isp.rj.gov.br\/mapasite.asp?flag=003\"><span data-contrast=\"auto\">ISP-RJ \u2013 INSTITUTO DE SEGURAN\u00c7A P\u00daBLICA \u2013 ESTAT\u00cdSTICAS DE SEGURAN\u00c7A P\u00daBLICA DO ESTADO DO RIO DE JANEIRO<\/span><\/a><span data-ccp-props=\"{\"201341983\":0,\"335559685\":360,\"335559739\":160,\"335559740\":240}\">\u00a0<\/span><\/p>\n<p><a href=\"http:\/\/www.isp.rj.gov.br\/mapasite.asp?flag=003\"><span data-contrast=\"auto\">N\u00famero mensal de v\u00edtimas e de registros de v\u00e1rios tipos de crimes por delegacias (ou CISP) e por \u00c1reas Integradas de Seguran\u00e7a P\u00fablica (AISP), desde abril de 2002.<\/span><\/a><span data-ccp-props=\"{\"201341983\":0,\"335559685\":1080,\"335559739\":160,\"335559740\":240}\">\u00a0<\/span><\/p>\n<p><span data-ccp-props=\"{\"201341983\":0,\"335559739\":160,\"335559740\":240}\">\u00a0<\/span><\/p>\n<p><a href=\"http:\/\/www.ouvidoria-policia.sp.gov.br\/relatorios\/pages\/Relatorios.htm\"><span data-contrast=\"auto\">OUVIDORIA DA POL\u00cdCIA DO ESTADO DE S\u00c3O PAULO \u2013 RELAT\u00d3RIOS TRIMESTRAIS E ANUAIS<\/span><\/a><span data-ccp-props=\"{\"201341983\":0,\"335559685\":360,\"335559739\":160,\"335559740\":240}\">\u00a0<\/span><\/p>\n<p><a href=\"http:\/\/www.ouvidoria-policia.sp.gov.br\/relatorios\/pages\/Relatorios.htm\"><span data-contrast=\"auto\">Estat\u00edsticas sobre den\u00fancias recebidas, desde\u202f1998.<\/span><\/a><span data-ccp-props=\"{\"201341983\":0,\"335559685\":1080,\"335559739\":160,\"335559740\":240}\">\u00a0<\/span><\/p>\n<p><span data-ccp-props=\"{\"201341983\":0,\"335559739\":160,\"335559740\":240}\">\u00a0<\/span><\/p>\n<p><a href=\"http:\/\/www.sspds.ce.gov.br\/noticiaDetalhada.do?tipoPortal=1&#038;codNoticia=2142&#038;titulo=Reportagens&#038;action=detail\"><span data-contrast=\"auto\">SECRETARIA DE SEGURAN\u00c7A P\u00daBLICA DO ESTADO DO CEAR\u00c1 \u2013 ESTAT\u00cdSTICAS<\/span><\/a><span data-ccp-props=\"{\"201341983\":0,\"335559685\":360,\"335559739\":160,\"335559740\":240}\">\u00a0<\/span><\/p>\n<p><a href=\"http:\/\/www.sspds.ce.gov.br\/noticiaDetalhada.do?tipoPortal=1&#038;codNoticia=2142&#038;titulo=Reportagens&#038;action=detail\"><span data-contrast=\"auto\">N\u00famero mensal de\u202fhomic\u00eddios, roubos e furtos de ve\u00edculos e apreens\u00f5es de armas e drogas, desde 2013.<\/span><\/a><span data-ccp-props=\"{\"201341983\":0,\"335559685\":1080,\"335559739\":160,\"335559740\":240}\">\u00a0<\/span><\/p>\n<p><span data-ccp-props=\"{\"201341983\":0,\"335559685\":360,\"335559739\":160,\"335559740\":240}\">\u00a0<\/span><\/p>\n<p><a href=\"http:\/\/pc4seg.sisp.es.gov.br\/homicidio-war\/xhtml\/estatisticaHomicidios.jsf\"><span data-contrast=\"auto\">SECRETARIA DE SEGURAN\u00c7A P\u00daBLICA E DEFESA SOCIAL DO ESTADO DO ESP\u00cdRITO SANTO \u2013 PROGRAMA DE CADASTRO E CONSULTA DE CRIMES CONTRA A VIDA<\/span><\/a><span data-ccp-props=\"{\"201341983\":0,\"335559685\":360,\"335559739\":160,\"335559740\":240}\">\u00a0<\/span><\/p>\n<p><a href=\"http:\/\/pc4seg.sisp.es.gov.br\/homicidio-war\/xhtml\/estatisticaHomicidios.jsf\"><span data-contrast=\"auto\">N\u00famero mensal de v\u00edtimas de homic\u00eddio, desde 2012.<\/span><\/a><span data-ccp-props=\"{\"201341983\":0,\"335559685\":1080,\"335559739\":160,\"335559740\":240}\">\u00a0<\/span><\/p>\n<p><span data-ccp-props=\"{\"201341983\":0,\"335559685\":1080,\"335559739\":160,\"335559740\":240}\">\u00a0<\/span><\/p>\n<p><a href=\"http:\/\/www.ssp.rs.gov.br\/?model=conteudo&#038;menu=189\"><span data-contrast=\"auto\">SECRETARIA DE SEGURAN\u00c7A P\u00daBLICA DO ESTADO DO RIO GRANDE DO SUL \u2013 ESTAT\u00cdSTICAS<\/span><\/a><span data-ccp-props=\"{\"201341983\":0,\"335559685\":360,\"335559739\":160,\"335559740\":240}\">\u00a0<\/span><\/p>\n<p><a href=\"http:\/\/www.ssp.rs.gov.br\/?model=conteudo&#038;menu=189\"><span data-contrast=\"auto\">Indicadores criminais por munic\u00edpios,\u202fdesde 2002.<\/span><\/a><span data-ccp-props=\"{\"201341983\":0,\"335559685\":1080,\"335559739\":160,\"335559740\":240}\">\u00a0<\/span><\/p>\n<p><span data-ccp-props=\"{\"201341983\":0,\"335559685\":1080,\"335559739\":160,\"335559740\":240}\">\u00a0<\/span><\/p>\n<p><a href=\"http:\/\/www.ssp.sp.gov.br\/Estatistica\/Pesquisa.aspx\"><span data-contrast=\"auto\">SECRETARIA DE SEGURAN\u00c7A P\u00daBLICA DO ESTADO DE S\u00c3O PAULO \u2013 ESTAT\u00cdSTICAS<\/span><\/a><span data-ccp-props=\"{\"201341983\":0,\"335559685\":360,\"335559739\":160,\"335559740\":240}\">\u00a0<\/span><\/p>\n<p><a href=\"http:\/\/www.ssp.sp.gov.br\/Estatistica\/Pesquisa.aspx\"><span data-contrast=\"auto\">N\u00famero mensal de v\u00edtimas e de registros de tipos de crimes e n\u00famero de atividades policiais\u202fno estado de S\u00e3o Paulo,\u202fdesde\u202f2013.<\/span><\/a><span data-ccp-props=\"{\"201341983\":0,\"335559685\":1080,\"335559739\":160,\"335559740\":240}\">\u00a0<\/span><\/p>\n<p><span data-ccp-props=\"{\"201341983\":0,\"335559685\":1080,\"335559739\":160,\"335559740\":240}\">\u00a0<\/span><\/p>\n<p><span data-ccp-props=\"{\"201341983\":0,\"335559685\":720,\"335559739\":160,\"335559740\":240}\">\u00a0<\/span><\/p>\n<p><b><span data-contrast=\"auto\">REGISTROS OFICIAIS DO SISTEMA PENITENCI\u00c1RIO<\/span><\/b><span data-ccp-props=\"{\"201341983\":0,\"335559685\":720,\"335559739\":160,\"335559740\":240,\"335559991\":360,\"469777462\":[720],\"469777927\":[0],\"469777928\":[8]}\">\u00a0<\/span><\/p>\n<p><span data-ccp-props=\"{\"201341983\":0,\"335559685\":720,\"335559739\":160,\"335559740\":240}\">\u00a0<\/span><\/p>\n<p><span data-ccp-props=\"{\"201341983\":0,\"335559685\":720,\"335559739\":160,\"335559740\":240}\">\u00a0<\/span><\/p>\n<p><a href=\"http:\/\/www.justica.gov.br\/seus-direitos\/politica-penal\/transparencia-institucional\/estatisticas-prisional\/levantamento-nacional-de-informacoes-penitenciarias\"><span data-contrast=\"auto\">INFOPEN \u2013 LEVANTAMENTO NACIONAL DE INFORMA\u00c7\u00d5ES PENITENCI\u00c1RIAS<\/span><\/a><span data-ccp-props=\"{\"201341983\":0,\"335559685\":360,\"335559739\":160,\"335559740\":240}\">\u00a0<\/span><\/p>\n<p><a href=\"http:\/\/www.justica.gov.br\/seus-direitos\/politica-penal\/transparencia-institucional\/estatisticas-prisional\/levantamento-nacional-de-informacoes-penitenciarias\"><span data-contrast=\"auto\">Informa\u00e7\u00f5es sobre popula\u00e7\u00e3o carcer\u00e1ria por Unidade da Federa\u00e7\u00e3o, desde 2005.<\/span><\/a><span data-ccp-props=\"{\"201341983\":0,\"335559685\":1080,\"335559739\":160,\"335559740\":240}\">\u00a0<\/span><\/p>\n<p><span data-ccp-props=\"{\"201341983\":0,\"335559739\":160,\"335559740\":240}\">\u00a0<\/span><\/p>\n<p><span data-ccp-props=\"{\"201341983\":0,\"335559685\":720,\"335559739\":160,\"335559740\":240,\"335559991\":360,\"469777462\":[720],\"469777927\":[0],\"469777928\":[8]}\">\u00a0<\/span><\/p>\n<p><b><span data-contrast=\"auto\">REGISTROS OFICIAIS DE MORTALIDADE DA SA\u00daDE<\/span><\/b><span data-ccp-props=\"{\"201341983\":0,\"335559685\":720,\"335559739\":160,\"335559740\":240,\"335559991\":360,\"469777462\":[720],\"469777927\":[0],\"469777928\":[8]}\">\u00a0<\/span><\/p>\n<p><span data-ccp-props=\"{\"201341983\":0,\"335559739\":160,\"335559740\":240}\">\u00a0<\/span><\/p>\n<p><span data-ccp-props=\"{\"201341983\":0,\"335559739\":160,\"335559740\":240}\">\u00a0<\/span><\/p>\n<p><a href=\"http:\/\/www2.datasus.gov.br\/DATASUS\/index.php?area=0205\"><span data-contrast=\"auto\">DATASUS \u2013 INFORMA\u00c7\u00d5ES DE SA\u00daDE \u2013 ESTAT\u00cdSTICAS VITAIS &#8211; MORTALIDADE E NASCIDOS VIVOS<\/span><\/a><span data-ccp-props=\"{\"201341983\":0,\"335559685\":360,\"335559739\":160,\"335559740\":240}\">\u00a0<\/span><\/p>\n<p><a href=\"http:\/\/www2.datasus.gov.br\/DATASUS\/index.php?area=0205\"><span data-contrast=\"auto\">Sistema de Informa\u00e7\u00f5es sobre Mortalidade (SIM) com informa\u00e7\u00f5es sobre caracter\u00edsticas das v\u00edtimas e causa do \u00f3bito, por Munic\u00edpio e Unidade da Federa\u00e7\u00e3o de resid\u00eancia da v\u00edtima ou do local da morte, desde\u202f1979.<\/span><\/a><span data-ccp-props=\"{\"201341983\":0,\"335559685\":1080,\"335559739\":160,\"335559740\":240}\">\u00a0<\/span><\/p>\n<p><span data-ccp-props=\"{\"201341983\":0,\"335559739\":160,\"335559740\":240}\">\u00a0<\/span><\/p>\n<p><span data-ccp-props=\"{\"201341983\":0,\"335559685\":720,\"335559739\":160,\"335559740\":240,\"335559991\":360,\"469777462\":[720],\"469777927\":[0],\"469777928\":[8]}\">\u00a0<\/span><\/p>\n<p><b><span data-contrast=\"auto\">INSTITUI\u00c7\u00d5ES DE PESQUISA<\/span><\/b><span data-ccp-props=\"{\"201341983\":0,\"335559685\":720,\"335559739\":160,\"335559740\":240,\"335559991\":360,\"469777462\":[720],\"469777927\":[0],\"469777928\":[8]}\">\u00a0<\/span><\/p>\n<p><span data-ccp-props=\"{\"201341983\":0,\"335559685\":720,\"335559739\":160,\"335559740\":240}\">\u00a0<\/span><\/p>\n<p><span data-ccp-props=\"{\"201341983\":0,\"335559685\":720,\"335559739\":160,\"335559740\":240}\">\u00a0<\/span><\/p>\n<p><a href=\"http:\/\/www.forumseguranca.org.br\/produtos\/anuario-brasileiro-de-seguranca-publica\/9o-anuario-brasileiro-de-seguranca-publica\"><span data-contrast=\"auto\">FORUM BRASILEIRO DE SEGURAN\u00c7A P\u00daBLICA \u2013 ANU\u00c1RIOS<\/span><\/a><span data-ccp-props=\"{\"201341983\":0,\"335559685\":360,\"335559739\":160,\"335559740\":240}\">\u00a0<\/span><\/p>\n<p><a href=\"http:\/\/www.forumseguranca.org.br\/produtos\/anuario-brasileiro-de-seguranca-publica\/9o-anuario-brasileiro-de-seguranca-publica\"><span data-contrast=\"auto\">Anu\u00e1rios publicados desde 2007, com informa\u00e7\u00f5es por UF sobre crimes, atos infracionais, efetivos policiais, popula\u00e7\u00e3o carcer\u00e1ria, despesas com seguran\u00e7a p\u00fablica e pris\u00f5es, guardas municipais, \u00edndice de vulnerabilidade juvenil \u00e0 viol\u00eancia.<\/span><\/a><span data-ccp-props=\"{\"201341983\":0,\"335559685\":1080,\"335559739\":160,\"335559740\":240}\">\u00a0<\/span><\/p>\n<p><span data-ccp-props=\"{\"201341983\":0,\"335559685\":360,\"335559739\":160,\"335559740\":240}\">\u00a0<\/span><\/p>\n<p><a href=\"http:\/\/produtos.seade.gov.br\/projetos\/acervossp\/\"><span data-contrast=\"auto\">FUNDA\u00c7\u00c3O SEADE (SP) \u2013 ACERVO DE DADOS EM SEGURAN\u00c7A P\u00daBLICA \u2013 ESTAT\u00cdSTICAS CRIMINAIS<\/span><\/a><span data-ccp-props=\"{\"201341983\":0,\"335559685\":360,\"335559739\":160,\"335559740\":240}\">\u00a0<\/span><\/p>\n<p><a href=\"http:\/\/produtos.seade.gov.br\/projetos\/acervossp\/\"><span data-contrast=\"auto\">Dados de seguran\u00e7a p\u00fablica e justi\u00e7a para o estado, a capital e a regi\u00e3o metropolitana paulistas: ocorr\u00eancias policiais; fluxo da Justi\u00e7a Criminal para diversos tipos de crimes no per\u00edodo; mapas com a taxa m\u00e9dia de incid\u00eancia de diversos tipos de crimes no estado e na capital.<\/span><\/a><span data-ccp-props=\"{\"201341983\":0,\"335559685\":1080,\"335559739\":160,\"335559740\":240}\">\u00a0<\/span><\/p>\n<p><span data-ccp-props=\"{\"201341983\":0,\"335559685\":1080,\"335559739\":160,\"335559740\":240}\">\u00a0<\/span><\/p>\n<p><a href=\"http:\/\/seculoxx.ibge.gov.br\/en\/populacionais-sociais-politicas-e-culturais\/busca-por-temas\/justica\"><span data-contrast=\"auto\">IBGE \u2013 ESTAT\u00cdSTICAS DO S\u00c9CULO XX \u2013 JUSTI\u00c7A<\/span><\/a><span data-ccp-props=\"{\"201341983\":0,\"335559685\":360,\"335559739\":160,\"335559740\":240}\">\u00a0<\/span><\/p>\n<p><a href=\"http:\/\/seculoxx.ibge.gov.br\/en\/populacionais-sociais-politicas-e-culturais\/busca-por-temas\/justica\"><span data-contrast=\"auto\">Informa\u00e7\u00f5es sobre seguran\u00e7a p\u00fablica e justi\u00e7a criminal \u2013 1908\/1994 (se\u00e7\u00e3o Canais\/Conte\u00fado Hist\u00f3rico).<\/span><\/a><span data-ccp-props=\"{\"201341983\":0,\"335559685\":1080,\"335559739\":160,\"335559740\":240}\">\u00a0<\/span><\/p>\n<p><span data-ccp-props=\"{\"201341983\":0,\"335559685\":1080,\"335559739\":160,\"335559740\":240}\">\u00a0<\/span><\/p>\n<p><a href=\"http:\/\/biblioteca.ibge.gov.br\/visualizacao\/monografias\/GEBIS%20-%20RJ\/pnadvitimizacao.pdf\"><span data-contrast=\"auto\">IBGE \u2013 BIBLIOTECA \u2013 CARACTER\u00cdSTICAS DA VITIMIZA\u00c7\u00c3O E DO ACESSO \u00c0 JUSTI\u00c7A NO BRASIL \u2013 2009<\/span><\/a><span data-ccp-props=\"{\"201341983\":0,\"335559685\":360,\"335559739\":160,\"335559740\":240}\">\u00a0<\/span><\/p>\n<p><a href=\"http:\/\/biblioteca.ibge.gov.br\/visualizacao\/monografias\/GEBIS%20-%20RJ\/pnadvitimizacao.pdf\"><span data-contrast=\"auto\">Pesquisa de vitimiza\u00e7\u00e3o, suplemento da PNAD 2009 (em pdf).<\/span><\/a><span data-ccp-props=\"{\"201341983\":0,\"335559685\":1080,\"335559739\":160,\"335559740\":240}\">\u00a0<\/span><\/p>\n<p><span data-ccp-props=\"{\"201341983\":0,\"335559685\":1080,\"335559739\":160,\"335559740\":240}\">\u00a0<\/span><\/p>\n<p><a href=\"http:\/\/mapadaviolencia.org.br\/index.php\"><span data-contrast=\"auto\">MAPA DA VIOL\u00caNCIA<\/span><\/a><span data-ccp-props=\"{\"201341983\":0,\"335559685\":360,\"335559739\":160,\"335559740\":240}\">\u00a0<\/span><\/p>\n<p><a href=\"http:\/\/mapadaviolencia.org.br\/index.php\"><span data-contrast=\"auto\">Panorama anual detalhado da viol\u00eancia letal no Brasil: homic\u00eddios, suic\u00eddios e acidentes de tr\u00e2nsito\u202fna popula\u00e7\u00e3o total e\u202fjovem, por UFs e capitais, desde 1998 (base Datasus).<\/span><\/a><span data-ccp-props=\"{\"201341983\":0,\"335559685\":1080,\"335559739\":160,\"335559740\":240}\">\u00a0<\/span><\/p>\n<p><span data-ccp-props=\"{\"201341983\":0,\"335559685\":1080,\"335559739\":160,\"335559740\":240}\">\u00a0<\/span><\/p>\n<p><a href=\"http:\/\/www.nevusp.org\/portugues\/index.php?option=com_content&#038;task=view&#038;id=749&#038;Itemid=21\"><span data-contrast=\"auto\">NEV \u2013 N\u00daCLEO DE ESTUDOS DA VIOL\u00caNCIA DA USP<\/span><\/a><span data-ccp-props=\"{\"201341983\":0,\"335559685\":360,\"335559739\":160,\"335559740\":240}\">\u00a0<\/span><\/p>\n<p><a href=\"http:\/\/www.nevusp.org\/portugues\/index.php?option=com_content&#038;task=view&#038;id=749&#038;Itemid=21\"><span data-contrast=\"auto\">Estat\u00edsticas sobre homic\u00eddios, sistema prisional, adolescentes em conflito com a lei, Minist\u00e9rio P\u00fablico e Judici\u00e1rio.<\/span><\/a><span data-ccp-props=\"{\"201341983\":0,\"335559685\":1080,\"335559739\":160,\"335559740\":240}\">\u00a0<\/span><\/p>\n<p><span data-ccp-props=\"{\"201341983\":0,\"335559685\":360,\"335559739\":160,\"335559740\":240}\">\u00a0<\/span><\/p>\n<p><a href=\"https:\/\/soudapaz.org\/o-que-fazemos\/conhecer\/%22%20\/t%20%22_blank\"><span data-contrast=\"auto\">SOU DA PAZ<\/span><\/a><span data-ccp-props=\"{\"201341983\":0,\"335559685\":360,\"335559739\":160,\"335559740\":240}\">\u00a0<\/span><\/p>\n<p><a href=\"https:\/\/soudapaz.org\/o-que-fazemos\/conhecer\/%22%20\/t%20%22_blank%22%20%EF%BF%BDHYPERLINK%20%22http:\/\/www.nevusp.org\/portugues\/index.php?option=com_content&#038;task=view&#038;id=749&#038;Itemid=21\"><span data-contrast=\"auto\">Estat\u00edsticas sobre homic\u00eddios, roubos, armas, letalidade policial e drogas.<\/span><\/a><span data-ccp-props=\"{\"201341983\":0,\"335559685\":1080,\"335559739\":160,\"335559740\":240}\">\u00a0<\/span><\/p>\n","protected":false},"excerpt":{"rendered":"<p>REGISTROS OFICIAIS DE SEGURAN\u00c7A P\u00daBLICA\u00a0 \u00a0 ISP-RJ \u2013 INSTITUTO DE SEGURAN\u00c7A P\u00daBLICA \u2013 ESTAT\u00cdSTICAS DE SEGURAN\u00c7A P\u00daBLICA DO ESTADO DO RIO DE JANEIRO\u00a0 N\u00famero mensal de v\u00edtimas e de registros de v\u00e1rios tipos de crimes por delegacias (ou CISP) e por \u00c1reas Integradas de Seguran\u00e7a P\u00fablica (AISP), desde abril de 2002.\u00a0 \u00a0 OUVIDORIA DA POL\u00cdCIA [&hellip;]<\/p>\n","protected":false},"author":1,"featured_media":0,"parent":0,"menu_order":0,"comment_status":"closed","ping_status":"closed","template":"","meta":{"footnotes":""},"class_list":["post-18","page","type-page","status-publish","hentry"],"acf":[],"_links":{"self":[{"href":"https:\/\/lav-uerj.org\/en\/wp-json\/wp\/v2\/pages\/18"}],"collection":[{"href":"https:\/\/lav-uerj.org\/en\/wp-json\/wp\/v2\/pages"}],"about":[{"href":"https:\/\/lav-uerj.org\/en\/wp-json\/wp\/v2\/types\/page"}],"author":[{"embeddable":true,"href":"https:\/\/lav-uerj.org\/en\/wp-json\/wp\/v2\/users\/1"}],"replies":[{"embeddable":true,"href":"https:\/\/lav-uerj.org\/en\/wp-json\/wp\/v2\/comments?post=18"}],"version-history":[{"count":6,"href":"https:\/\/lav-uerj.org\/en\/wp-json\/wp\/v2\/pages\/18\/revisions"}],"predecessor-version":[{"id":67,"href":"https:\/\/lav-uerj.org\/en\/wp-json\/wp\/v2\/pages\/18\/revisions\/67"}],"wp:attachment":[{"href":"https:\/\/lav-uerj.org\/en\/wp-json\/wp\/v2\/media?parent=18"}],"curies":[{"name":"wp","href":"https:\/\/api.w.org\/{rel}","templated":true}]}}