{"id":34,"date":"2020-05-02T14:04:37","date_gmt":"2020-05-02T17:04:37","guid":{"rendered":"http:\/\/localhost\/~rafaelortman\/LAV\/wordpress\/?page_id=34"},"modified":"2022-02-16T11:33:45","modified_gmt":"2022-02-16T14:33:45","slug":"equipe","status":"publish","type":"page","link":"https:\/\/lav-uerj.org\/en\/equipe\/","title":{"rendered":"Equipe"},"content":{"rendered":"<h3>Coordena\u00e7\u00e3o<\/h3>\n<h4><a href=\"http:\/\/buscatextual.cnpq.br\/buscatextual\/visualizacv.do?id=K4283226A9\" target=\"_blank\" rel=\"noopener noreferrer\">Doriam Borges<\/a><\/h4>\n<p>Doutor em Sociologia pelo Instituto Universit\u00e1rio de Pesquisas do Rio de Janeiro (2009), \u00e9 formado em Ci\u00eancias Estat\u00edsticas pela Escola Nacional de Ci\u00eancias Estat\u00edsticas (1998) e possui mestrado em Estudos da Popula\u00e7\u00e3o e Pesquisa Social pela mesma institui\u00e7\u00e3o (2004). Foi o coordenador t\u00e9cnico da Pesquisa sobre Condi\u00e7\u00f5es de Vida e Vitimiza\u00e7\u00e3o na Regi\u00e3o Metropolitana do Rio de Janeiro. Ele \u00e9 o autor do livro &#8220;Medo do Crime no Rio de Janeiro: uma an\u00e1lise sobre a perspectiva das cren\u00e7as do perigo&#8221;. Possui experi\u00eancia nas \u00e1reas de viol\u00eancia, crime e seguran\u00e7a p\u00fablica. Atualmente, \u00e9 professor adjunto do Departamento de Sociologia e professor do Programa de P\u00f3s-Gradua\u00e7\u00e3o em Ci\u00eancias Sociais (PPCIS) da Universidade do Estado do Rio de Janeiro (UERJ).<\/p>\n<h4><a href=\"http:\/\/buscatextual.cnpq.br\/buscatextual\/visualizacv.do?id=K4769729T8\" target=\"_blank\" rel=\"noopener noreferrer\">Ignacio Cano<\/a><\/h4>\n<p>Graduado em Sociologia pela Universidade Complutense de Madri (1985) e Doutor em Sociologia pela mesma universidade (1991). Atualmente, \u00e9 professor titular da Universidade do Estado do Rio de Janeiro. Tem experi\u00eancia na \u00e1rea de Psicologia Social e Sociologia, com \u00eanfase em Outras Sociologias espec\u00edficas, atuando principalmente nos seguintes temas: metodologia de pesquisa, pol\u00edticas p\u00fablicas, educa\u00e7\u00e3o, direitos humanos, viol\u00eancia e seguran\u00e7a p\u00fablica. Nos \u00faltimos anos, ele trabalhou como pesquisador, consultor e avaliador de in\u00fameros projetos de seguran\u00e7a p\u00fablica e direitos humanos no Brasil e em v\u00e1rios pa\u00edses da Am\u00e9rica Latina.<\/p>\n<h4><a href=\"http:\/\/buscatextual.cnpq.br\/buscatextual\/visualizacv.do?id=K4727982P0\" target=\"_blank\" rel=\"noopener noreferrer\">Jo\u00e3o Trajano de Lima Sento-S\u00e9<\/a><\/h4>\n<p>\u00c9 formado em Ci\u00eancias Sociais pela Universidade Federal do Rio de Janeiro (1985), Bacharel em Sociologia pela Universidade Federal do Rio de Janeiro (1987), mestre em Ci\u00eancias Pol\u00edticas pelo Instituto Universit\u00e1rio de Pesquisas do Rio de Janeiro (1992) , Mestre em Comunica\u00e7\u00e3o pela Universidade Federal do Rio de Janeiro (1989) e Doutor em Ci\u00eancia Pol\u00edtica pelo Instituto Universit\u00e1rio de Pesquisas do Rio de Janeiro (1997). Atualmente, \u00e9 professor associado da Universidade do Estado do Rio de Janeiro, membro da equipe editorial da \u201cRevista Brasileira de Informa\u00e7\u00e3o Bibliogr\u00e1fica em Ci\u00eancias Sociais\u201d e membro da equipe editorial da \u201cInterse\u00e7\u00f5es: Revista de Estudos Interdisciplinares\u201d. Tem experi\u00eancia na \u00e1rea de Ci\u00eancia Pol\u00edtica, com \u00eanfase em Teoria Pol\u00edtica. Trabalha principalmente nos seguintes temas: Carisma, Populismo, Estetiza\u00e7\u00e3o, Cultura e Nacionalismo.<\/p>\n<h4><a href=\"http:\/\/buscatextual.cnpq.br\/buscatextual\/visualizacv.do?id=K4751697Y5\" target=\"_blank\" rel=\"noopener noreferrer\">Eduardo Ribeiro<\/a><\/h4>\n<p>Ele \u00e9 pesquisador associado do Laborat\u00f3rio de An\u00e1lise da Viol\u00eancia (LAV) e do N\u00facleo de estudos quantitativos Quantidados, no qual trabalha desde 2004. Mais recentemente, ele faz parte do Grupo de Pesquisa em Ci\u00eancias Sociais e Educa\u00e7\u00e3o e do N\u00facleo de Estudos sobre Desigualdades contempor\u00e2neas e rela\u00e7\u00f5es de g\u00eanero. Ele tamb\u00e9m \u00e9 colaborador do Laborat\u00f3rio de Pesquisa em Oportunidades Educacionais (LaPOpe), da Faculdade de Educa\u00e7\u00e3o da UFRJ. Ele tem experi\u00eancia em estudos sobre: viol\u00eancia, crime e seguran\u00e7a p\u00fablica; vi\u00e9s racial, vitimiza\u00e7\u00e3o, seguran\u00e7a e justi\u00e7a; vitimiza\u00e7\u00e3o de crian\u00e7as, adolescentes e jovens; educa\u00e7\u00e3o e resultados escolares; m\u00e9todos e t\u00e9cnicas de pesquisa social (quantitativa e qualitativa); estat\u00edsticas e indicadores sociais; monitoramento e avalia\u00e7\u00e3o de projetos sociais, programas e pol\u00edticas p\u00fablicas. Atualmente, ele est\u00e1 envolvido em pesquisas sobre a distribui\u00e7\u00e3o espacial de incidentes criminais; avalia\u00e7\u00e3o de pol\u00edticas de seguran\u00e7a p\u00fablica; avalia\u00e7\u00e3o educacional e desigualdades educacionais; impactos da viol\u00eancia armada na vida escolar; participa\u00e7\u00e3o feminina nas elei\u00e7\u00f5es; treinamento e profissionaliza\u00e7\u00e3o do cientista social no Brasil.<\/p>\n<h3>Pesquisadores<\/h3>\n<h4><a href=\"http:\/\/lattes.cnpq.br\/3732092304817326\" target=\"_blank\" rel=\"noopener noreferrer\">Eduardo Ramos<\/a><\/h4>\n<p>Mestre em Sociologia pelo Programa de P\u00f3s-Gradua\u00e7\u00e3o em Sociologia e Antropologia da Universidade Federal do Rio de Janeiro (PPGSA\/UFRJ) e Doutorando em Ci\u00eancias Sociais no Programa de P\u00f3s-Gradua\u00e7\u00e3o em Ci\u00eancias Sociais da Universidade do Estado do Rio de Janeiro.<\/p>\n<h4><a href=\"http:\/\/lattes.cnpq.br\/9099463035731313\" target=\"_blank\" rel=\"noopener noreferrer\">Emiliano Rojido<\/a><\/h4>\n<p>Mestre em Ci\u00eancias Sociais na Universidade do Estado do Rio de Janeiro e Doutorando em Ci\u00eancias Sociais no Programa de P\u00f3s-Gradua\u00e7\u00e3o em Ci\u00eancias Sociais da Universidade do Estado do Rio de Janeiro.<\/p>\n<h4><a href=\"http:\/\/lattes.cnpq.br\/5610746013130100\" target=\"_blank\" rel=\"noopener noreferrer\">Robson Rodrigues<\/a><\/h4>\n<p>Mestre em Antropologia pela Universidade Federal Fluminense (PPGA\/UFF) e Doutorando em Ci\u00eancias Sociais no Programa de P\u00f3s-Gradua\u00e7\u00e3o em Ci\u00eancias Sociais da Universidade do Estado do Rio de Janeiro.<\/p>\n<h4><a href=\"http:\/\/lattes.cnpq.br\/7102886145339351\" target=\"_blank\" rel=\"noopener noreferrer\">Raquel de Oliveira<\/a><\/h4>\n<p>Mestranda do Programa de P\u00f3s-Gradua\u00e7\u00e3o em Ci\u00eancias Sociais da Universidade do Estado do Rio de Janeiro (UERJ).<\/p>\n","protected":false},"excerpt":{"rendered":"<p>Coordena\u00e7\u00e3o Doriam Borges Doutor em Sociologia pelo Instituto Universit\u00e1rio de Pesquisas do Rio de Janeiro (2009), \u00e9 formado em Ci\u00eancias Estat\u00edsticas pela Escola Nacional de Ci\u00eancias Estat\u00edsticas (1998) e possui mestrado em Estudos da Popula\u00e7\u00e3o e Pesquisa Social pela mesma institui\u00e7\u00e3o (2004). Foi o coordenador t\u00e9cnico da Pesquisa sobre Condi\u00e7\u00f5es de Vida e Vitimiza\u00e7\u00e3o na [&hellip;]<\/p>\n","protected":false},"author":1,"featured_media":0,"parent":0,"menu_order":0,"comment_status":"closed","ping_status":"closed","template":"","meta":{"footnotes":""},"class_list":["post-34","page","type-page","status-publish","hentry"],"acf":[],"_links":{"self":[{"href":"https:\/\/lav-uerj.org\/en\/wp-json\/wp\/v2\/pages\/34"}],"collection":[{"href":"https:\/\/lav-uerj.org\/en\/wp-json\/wp\/v2\/pages"}],"about":[{"href":"https:\/\/lav-uerj.org\/en\/wp-json\/wp\/v2\/types\/page"}],"author":[{"embeddable":true,"href":"https:\/\/lav-uerj.org\/en\/wp-json\/wp\/v2\/users\/1"}],"replies":[{"embeddable":true,"href":"https:\/\/lav-uerj.org\/en\/wp-json\/wp\/v2\/comments?post=34"}],"version-history":[{"count":9,"href":"https:\/\/lav-uerj.org\/en\/wp-json\/wp\/v2\/pages\/34\/revisions"}],"predecessor-version":[{"id":448,"href":"https:\/\/lav-uerj.org\/en\/wp-json\/wp\/v2\/pages\/34\/revisions\/448"}],"wp:attachment":[{"href":"https:\/\/lav-uerj.org\/en\/wp-json\/wp\/v2\/media?parent=34"}],"curies":[{"name":"wp","href":"https:\/\/api.w.org\/{rel}","templated":true}]}}