{"id":9,"date":"2020-05-02T12:38:43","date_gmt":"2020-05-02T15:38:43","guid":{"rendered":"http:\/\/localhost\/~rafaelortman\/LAV\/wordpress\/?page_id=9"},"modified":"2023-08-16T19:58:02","modified_gmt":"2023-08-16T22:58:02","slug":"home","status":"publish","type":"page","link":"https:\/\/lav-uerj.org\/en\/","title":{"rendered":"Home"},"content":{"rendered":"<p>Criado em 2002, o Laborat\u00f3rio de An\u00e1lise da Viol\u00eancia (LAV) \u00e9 um programa de ensino, pesquisa e extens\u00e3o vinculado ao Instituto de Ci\u00eancias Sociais (ICS) e ao Programa de P\u00f3s-Gradua\u00e7\u00e3o em Ci\u00eancias Sociais (PPCIS) da UERJ.\u00a0 Ele tem como foco central a produ\u00e7\u00e3o de conhecimento aplicado nas \u00e1reas de seguran\u00e7a p\u00fablica, viol\u00eancia\/criminalidade e justi\u00e7a\/direitos humanos. Simultaneamente \u00e0s atividades de pesquisa, o LAV mant\u00e9m di\u00e1logo permanente com diversas ag\u00eancias do Estado e da sociedade civil em n\u00edveis nacional e internacional, prestando consultoria t\u00e9cnica e atuando diretamente nos debates p\u00fablicos sobre as tem\u00e1ticas em que atua. Ao longo dos anos o o LAV tem se empenhado na forma\u00e7\u00e3o de novos pesquisadores capazes de operar diferentes recursos metodol\u00f3gicos de pesquisa emp\u00edrica, na cria\u00e7\u00e3o de f\u00f3runs ampliados de debates dentro e fora da universidade sobre as quest\u00f5es de que trata e na publica\u00e7\u00e3o de material cient\u00edfico produzido por seus membros.<\/p>\n","protected":false},"excerpt":{"rendered":"<p>Criado em 2002, o Laborat\u00f3rio de An\u00e1lise da Viol\u00eancia (LAV) \u00e9 um programa de ensino, pesquisa e extens\u00e3o vinculado ao Instituto de Ci\u00eancias Sociais (ICS) e ao Programa de P\u00f3s-Gradua\u00e7\u00e3o em Ci\u00eancias Sociais (PPCIS) da UERJ.\u00a0 Ele tem como foco central a produ\u00e7\u00e3o de conhecimento aplicado nas \u00e1reas de seguran\u00e7a p\u00fablica, viol\u00eancia\/criminalidade e justi\u00e7a\/direitos humanos. [&hellip;]<\/p>\n","protected":false},"author":1,"featured_media":42,"parent":0,"menu_order":0,"comment_status":"closed","ping_status":"closed","template":"","meta":{"footnotes":""},"class_list":["post-9","page","type-page","status-publish","has-post-thumbnail","hentry"],"acf":{"parceiros":[{"logo":{"ID":41,"id":41,"title":"[:pt]cesec[:]","filename":"cesec.png","filesize":1555,"url":"https:\/\/lav-uerj.org\/wp-content\/uploads\/2020\/05\/cesec.png","link":"https:\/\/lav-uerj.org\/en\/home\/cesec\/","alt":"","author":"1","description":"","caption":"","name":"cesec","status":"inherit","uploaded_to":9,"date":"2020-05-02 19:34:51","modified":"2020-05-02 19:34:51","menu_order":0,"mime_type":"image\/png","type":"image","subtype":"png","icon":"https:\/\/lav-uerj.org\/wp-includes\/images\/media\/default.png","width":118,"height":52,"sizes":{"thumbnail":"https:\/\/lav-uerj.org\/wp-content\/uploads\/2020\/05\/cesec.png","thumbnail-width":118,"thumbnail-height":52,"medium":"https:\/\/lav-uerj.org\/wp-content\/uploads\/2020\/05\/cesec.png","medium-width":118,"medium-height":52,"medium_large":"https:\/\/lav-uerj.org\/wp-content\/uploads\/2020\/05\/cesec.png","medium_large-width":118,"medium_large-height":52,"large":"https:\/\/lav-uerj.org\/wp-content\/uploads\/2020\/05\/cesec.png","large-width":118,"large-height":52,"1536x1536":"https:\/\/lav-uerj.org\/wp-content\/uploads\/2020\/05\/cesec.png","1536x1536-width":118,"1536x1536-height":52,"2048x2048":"https:\/\/lav-uerj.org\/wp-content\/uploads\/2020\/05\/cesec.png","2048x2048-width":118,"2048x2048-height":52}},"link":"https:\/\/www.ucamcesec.com.br\/"},{"logo":{"ID":43,"id":43,"title":"[:pt]iser[:]","filename":"iser.png","filesize":2925,"url":"https:\/\/lav-uerj.org\/wp-content\/uploads\/2020\/05\/iser.png","link":"https:\/\/lav-uerj.org\/en\/home\/iser\/","alt":"","author":"1","description":"","caption":"","name":"iser","status":"inherit","uploaded_to":9,"date":"2020-05-02 19:34:52","modified":"2020-05-02 19:34:52","menu_order":0,"mime_type":"image\/png","type":"image","subtype":"png","icon":"https:\/\/lav-uerj.org\/wp-includes\/images\/media\/default.png","width":86,"height":86,"sizes":{"thumbnail":"https:\/\/lav-uerj.org\/wp-content\/uploads\/2020\/05\/iser.png","thumbnail-width":86,"thumbnail-height":86,"medium":"https:\/\/lav-uerj.org\/wp-content\/uploads\/2020\/05\/iser.png","medium-width":86,"medium-height":86,"medium_large":"https:\/\/lav-uerj.org\/wp-content\/uploads\/2020\/05\/iser.png","medium_large-width":86,"medium_large-height":86,"large":"https:\/\/lav-uerj.org\/wp-content\/uploads\/2020\/05\/iser.png","large-width":86,"large-height":86,"1536x1536":"https:\/\/lav-uerj.org\/wp-content\/uploads\/2020\/05\/iser.png","1536x1536-width":86,"1536x1536-height":86,"2048x2048":"https:\/\/lav-uerj.org\/wp-content\/uploads\/2020\/05\/iser.png","2048x2048-width":86,"2048x2048-height":86}},"link":"http:\/\/www.iser.org.br\/"},{"logo":{"ID":44,"id":44,"title":"[:pt]obs_favela[:]","filename":"obs_favela.png","filesize":6245,"url":"https:\/\/lav-uerj.org\/wp-content\/uploads\/2020\/05\/obs_favela.png","link":"https:\/\/lav-uerj.org\/en\/home\/obs_favela\/","alt":"","author":"1","description":"","caption":"","name":"obs_favela","status":"inherit","uploaded_to":9,"date":"2020-05-02 19:34:53","modified":"2020-05-02 19:34:53","menu_order":0,"mime_type":"image\/png","type":"image","subtype":"png","icon":"https:\/\/lav-uerj.org\/wp-includes\/images\/media\/default.png","width":159,"height":52,"sizes":{"thumbnail":"https:\/\/lav-uerj.org\/wp-content\/uploads\/2020\/05\/obs_favela-150x52.png","thumbnail-width":150,"thumbnail-height":52,"medium":"https:\/\/lav-uerj.org\/wp-content\/uploads\/2020\/05\/obs_favela.png","medium-width":159,"medium-height":52,"medium_large":"https:\/\/lav-uerj.org\/wp-content\/uploads\/2020\/05\/obs_favela.png","medium_large-width":159,"medium_large-height":52,"large":"https:\/\/lav-uerj.org\/wp-content\/uploads\/2020\/05\/obs_favela.png","large-width":159,"large-height":52,"1536x1536":"https:\/\/lav-uerj.org\/wp-content\/uploads\/2020\/05\/obs_favela.png","1536x1536-width":159,"1536x1536-height":52,"2048x2048":"https:\/\/lav-uerj.org\/wp-content\/uploads\/2020\/05\/obs_favela.png","2048x2048-width":159,"2048x2048-height":52}},"link":"https:\/\/www.observatoriodefavelas.org.br\/"},{"logo":{"ID":45,"id":45,"title":"[:pt]osp[:]","filename":"osp.png","filesize":3874,"url":"https:\/\/lav-uerj.org\/wp-content\/uploads\/2020\/05\/osp.png","link":"https:\/\/lav-uerj.org\/en\/home\/osp\/","alt":"","author":"1","description":"","caption":"","name":"osp","status":"inherit","uploaded_to":9,"date":"2020-05-02 19:34:54","modified":"2020-05-02 19:34:54","menu_order":0,"mime_type":"image\/png","type":"image","subtype":"png","icon":"https:\/\/lav-uerj.org\/wp-includes\/images\/media\/default.png","width":165,"height":57,"sizes":{"thumbnail":"https:\/\/lav-uerj.org\/wp-content\/uploads\/2020\/05\/osp-150x57.png","thumbnail-width":150,"thumbnail-height":57,"medium":"https:\/\/lav-uerj.org\/wp-content\/uploads\/2020\/05\/osp.png","medium-width":165,"medium-height":57,"medium_large":"https:\/\/lav-uerj.org\/wp-content\/uploads\/2020\/05\/osp.png","medium_large-width":165,"medium_large-height":57,"large":"https:\/\/lav-uerj.org\/wp-content\/uploads\/2020\/05\/osp.png","large-width":165,"large-height":57,"1536x1536":"https:\/\/lav-uerj.org\/wp-content\/uploads\/2020\/05\/osp.png","1536x1536-width":165,"1536x1536-height":57,"2048x2048":"https:\/\/lav-uerj.org\/wp-content\/uploads\/2020\/05\/osp.png","2048x2048-width":165,"2048x2048-height":57}},"link":"https:\/\/www.opensocietyfoundations.org\/"},{"logo":{"ID":602,"id":602,"title":"[:pt]logo[:]","filename":"logo.png","filesize":10962,"url":"https:\/\/lav-uerj.org\/wp-content\/uploads\/2022\/09\/logo.png","link":"https:\/\/lav-uerj.org\/en\/home\/logo\/","alt":"","author":"1","description":"","caption":"","name":"logo","status":"inherit","uploaded_to":9,"date":"2022-09-03 19:05:35","modified":"2022-09-03 19:05:35","menu_order":0,"mime_type":"image\/png","type":"image","subtype":"png","icon":"https:\/\/lav-uerj.org\/wp-includes\/images\/media\/default.png","width":175,"height":71,"sizes":{"thumbnail":"https:\/\/lav-uerj.org\/wp-content\/uploads\/2022\/09\/logo-150x71.png","thumbnail-width":150,"thumbnail-height":71,"medium":"https:\/\/lav-uerj.org\/wp-content\/uploads\/2022\/09\/logo.png","medium-width":175,"medium-height":71,"medium_large":"https:\/\/lav-uerj.org\/wp-content\/uploads\/2022\/09\/logo.png","medium_large-width":175,"medium_large-height":71,"large":"https:\/\/lav-uerj.org\/wp-content\/uploads\/2022\/09\/logo.png","large-width":175,"large-height":71,"1536x1536":"https:\/\/lav-uerj.org\/wp-content\/uploads\/2022\/09\/logo.png","1536x1536-width":175,"1536x1536-height":71,"2048x2048":"https:\/\/lav-uerj.org\/wp-content\/uploads\/2022\/09\/logo.png","2048x2048-width":175,"2048x2048-height":71}},"link":"https:\/\/ippesbrasil.com.br\/o-ippes\/"}]},"_links":{"self":[{"href":"https:\/\/lav-uerj.org\/en\/wp-json\/wp\/v2\/pages\/9"}],"collection":[{"href":"https:\/\/lav-uerj.org\/en\/wp-json\/wp\/v2\/pages"}],"about":[{"href":"https:\/\/lav-uerj.org\/en\/wp-json\/wp\/v2\/types\/page"}],"author":[{"embeddable":true,"href":"https:\/\/lav-uerj.org\/en\/wp-json\/wp\/v2\/users\/1"}],"replies":[{"embeddable":true,"href":"https:\/\/lav-uerj.org\/en\/wp-json\/wp\/v2\/comments?post=9"}],"version-history":[{"count":11,"href":"https:\/\/lav-uerj.org\/en\/wp-json\/wp\/v2\/pages\/9\/revisions"}],"predecessor-version":[{"id":807,"href":"https:\/\/lav-uerj.org\/en\/wp-json\/wp\/v2\/pages\/9\/revisions\/807"}],"wp:featuredmedia":[{"embeddable":true,"href":"https:\/\/lav-uerj.org\/en\/wp-json\/wp\/v2\/media\/42"}],"wp:attachment":[{"href":"https:\/\/lav-uerj.org\/en\/wp-json\/wp\/v2\/media?parent=9"}],"curies":[{"name":"wp","href":"https:\/\/api.w.org\/{rel}","templated":true}]}}