{"id":12,"date":"2020-05-02T12:40:15","date_gmt":"2020-05-02T15:40:15","guid":{"rendered":"http:\/\/localhost\/~rafaelortman\/LAV\/wordpress\/?page_id=12"},"modified":"2020-06-07T16:59:27","modified_gmt":"2020-06-07T19:59:27","slug":"institucional","status":"publish","type":"page","link":"https:\/\/lav-uerj.org\/es\/institucional\/","title":{"rendered":"Institucional"},"content":{"rendered":"<p>Creado en 2002, el Laboratorio de An\u00e1lisis de la Violencia (LAV) integra la l\u00ednea de <em>Violencia y Pol\u00edticas P\u00fablicas<\/em> del Programa de Posgrado en Ciencias Sociales, que analiza temas relacionados con la violencia, el crimen y la seguridad, considerando el debate actual sobre pol\u00edticas p\u00fablicas en diversos sectores, como juventud, sistema educativo, penal y de garant\u00eda de derechos.<\/p>\n<h3>Objetivos<\/h3>\n<p>El LAV tiene como objetivo general la producci\u00f3n de conocimiento aplicado en las \u00e1reas de seguridad p\u00fablica, violencia y criminalidad, justicia y derechos humanos, as\u00ed como el sustento de una interacci\u00f3n constante con un p\u00fablico interno y externo a la universidad. Adem\u00e1s del desarrollo de la investigaci\u00f3n aplicada, el laboratorio ofrece apoyo t\u00e9cnico a agencias p\u00fablicas, ONGs y movimientos sociales, y trabaja en la organizaci\u00f3n de cursos, eventos y seminarios, as\u00ed como en proyectos que se ocupan de la formulaci\u00f3n, conducci\u00f3n y evaluaci\u00f3n de pol\u00edticas p\u00fablicas.<\/p>\n<p>El LAV surgi\u00f3 como una posibilidad de dotar de mayor organicidad y articulaci\u00f3n algunas de las iniciativas de investigaci\u00f3n, de orientaci\u00f3n y capacitaci\u00f3n de estudiantes, as\u00ed como de actuaci\u00f3n p\u00fablica y participaci\u00f3n pol\u00edtica, desarrolladas antes separadamente por los profesores fundadores, que se dedicaron, durante varios a\u00f1os, al desarrollo de trabajos de investigaci\u00f3n en los campos mencionados, con resultados ampliamente reconocidos y avalados por la comunidad cient\u00edfica. Entre los principales objetivos espec\u00edficos del laboratorio se pueden destacar:<\/p>\n<ol>\n<li>Alentar a los estudiantes de grado y posgrado a realizar trabajos en esta \u00e1rea, ofreciendo condiciones de iniciaci\u00f3n y maduraci\u00f3n en el desarrollo de trabajos cient\u00edficos;<\/li>\n<li>Crear un espacio permanente de di\u00e1logo y colaboraci\u00f3n entre las diversas iniciativas desarrolladas por otras instituciones acad\u00e9micas y sociales, propiciando un ambiente favorable para el debate, principalmente a trav\u00e9s de la organizaci\u00f3n de conferencias y seminarios, y de la participaci\u00f3n en los principales foros de interlocuci\u00f3n de los campos de inter\u00e9s;<\/li>\n<li>Organizar cursos de capacitaci\u00f3n en seguridad p\u00fablica para estudiantes y profesionales de la seguridad;<\/li>\n<li>Construir bases de datos permanentemente actualizados, y producir los indicadores necesarios para realizar investigaciones en las \u00e1reas de violencia y criminalidad, seguridad p\u00fablica, justicia y derechos humanos;<\/li>\n<li>Generar indicadores sint\u00e9ticos para monitorear la evoluci\u00f3n de la violencia, la criminalidad y la seguridad p\u00fablica;<\/li>\n<li>Monitorear y evaluar los impactos de las pol\u00edticas p\u00fablicas en el \u00e1rea de seguridad, justicia y derechos humanos;<\/li>\n<li>Contribuir, con diagn\u00f3sticos y propuestas, a la mejora de las pol\u00edticas de seguridad y garant\u00eda de derechos en R\u00edo de Janeiro y otros centros urbanos en Am\u00e9rica Latina;<\/li>\n<li>Consolidar el Programa de Posgrado en Ciencias Sociales (PPCIS) y el Instituto de Ciencias Sociales de la UERJ, como centros de referencia y como contrapartes de instituciones nacionales e internacionales en iniciativas de investigaci\u00f3n, monitoreo y formulaci\u00f3n de pol\u00edticas en el \u00e1rea seguridad p\u00fablica y derechos humanos.<\/li>\n<\/ol>\n<p>El LAV posee l\u00edneas de acci\u00f3n diversificadas, tanto en t\u00e9rminos de desarrollo de investigaci\u00f3n como en actividades de consultor\u00eda y soporte t\u00e9cnico, organizaci\u00f3n de cursos, seminarios y orientaci\u00f3n de estudiantes de grado y posgrado. Todo con el objetivo de abarcar una audiencia diversa, compuesta por investigadores, profesores y estudiantes, la prensa, instituciones de ense\u00f1anza e investigaci\u00f3n con inter\u00e9s en el \u00e1rea, agencias gubernamentales, instituciones internacionales y organizaciones no gubernamentales.<\/p>\n","protected":false},"excerpt":{"rendered":"<p>Creado en 2002, el Laboratorio de An\u00e1lisis de la Violencia (LAV) integra la l\u00ednea de Violencia y Pol\u00edticas P\u00fablicas del Programa de Posgrado en Ciencias Sociales, que analiza temas relacionados con la violencia, el crimen y la seguridad, considerando el debate actual sobre pol\u00edticas p\u00fablicas en diversos sectores, como juventud, sistema educativo, penal y de [&hellip;]<\/p>\n","protected":false},"author":1,"featured_media":0,"parent":0,"menu_order":0,"comment_status":"closed","ping_status":"closed","template":"","meta":{"footnotes":""},"class_list":["post-12","page","type-page","status-publish","hentry"],"acf":[],"_links":{"self":[{"href":"https:\/\/lav-uerj.org\/es\/wp-json\/wp\/v2\/pages\/12"}],"collection":[{"href":"https:\/\/lav-uerj.org\/es\/wp-json\/wp\/v2\/pages"}],"about":[{"href":"https:\/\/lav-uerj.org\/es\/wp-json\/wp\/v2\/types\/page"}],"author":[{"embeddable":true,"href":"https:\/\/lav-uerj.org\/es\/wp-json\/wp\/v2\/users\/1"}],"replies":[{"embeddable":true,"href":"https:\/\/lav-uerj.org\/es\/wp-json\/wp\/v2\/comments?post=12"}],"version-history":[{"count":6,"href":"https:\/\/lav-uerj.org\/es\/wp-json\/wp\/v2\/pages\/12\/revisions"}],"predecessor-version":[{"id":439,"href":"https:\/\/lav-uerj.org\/es\/wp-json\/wp\/v2\/pages\/12\/revisions\/439"}],"wp:attachment":[{"href":"https:\/\/lav-uerj.org\/es\/wp-json\/wp\/v2\/media?parent=12"}],"curies":[{"name":"wp","href":"https:\/\/api.w.org\/{rel}","templated":true}]}}