{"id":14,"date":"2020-05-02T12:40:26","date_gmt":"2020-05-02T15:40:26","guid":{"rendered":"http:\/\/localhost\/~rafaelortman\/LAV\/wordpress\/?page_id=14"},"modified":"2022-09-03T16:03:15","modified_gmt":"2022-09-03T19:03:15","slug":"projetos","status":"publish","type":"page","link":"https:\/\/lav-uerj.org\/es\/projetos\/","title":{"rendered":"Proyectos"},"content":{"rendered":"<h3>Monitor de la Letalidad Policial:<\/h3>\n<p>En este proyecto los investigadores asumieron la tarea de establecer una metodolog\u00eda com\u00fan para monitorear el uso de la fuerza letal en cinco pa\u00edses de Am\u00e9rica Latina: Brasil, Colombia, El Salvador, M\u00e9xico y Venezuela. En el \u00e1mbito del proyecto, se cre\u00f3 una peque\u00f1a red de investigadores que acordaron un conjunto de indicadores para medir el uso de la fuerza letal, obtener datos relevantes siempre que est\u00e9n disponibles y producir un informe comparativo en la regi\u00f3n.<\/p>\n<h3>Violencia y Ciudadan\u00eda: la legitimidad de matar y morir en las pol\u00edticas de seguridad p\u00fablica en Brasil:<\/h3>\n<p>Conocer, comprender y acompa\u00f1ar c\u00f3mo se investigan y procesan las muertes cometidas por polic\u00edas. Esta l\u00ednea busca explorar no solo el curso de las investigaciones y los procedimientos judiciales, sino tambi\u00e9n la influencia de posibles marcadores sociales a lo largo de cada etapa del sistema de justicia criminal, as\u00ed como la percepci\u00f3n construida por polic\u00edas, fiscales, jueces, familiares de v\u00edctimas y la comunidad acerca de estos eventos.<\/p>\n<h3>Evaluaci\u00f3n de Programas de Prevenci\u00f3n de Homicidios:<\/h3>\n<p>Esta iniciativa incluye la evaluaci\u00f3n de programas espec\u00edficos de prevenci\u00f3n de homicidios, por un lado, y la elaboraci\u00f3n de una Gu\u00eda para la Evaluaci\u00f3n de Programas de Prevenci\u00f3n de Homicidios en Am\u00e9rica Latina, por el otro. Esta gu\u00eda est\u00e1 dirigida a los tomadores de decisiones de la regi\u00f3n que deseen participar en programas de prevenci\u00f3n de homicidios, de modo que la evaluaci\u00f3n de tales programas pueda ser pensada y planificada simult\u00e1neamente con el dise\u00f1o del propio programa.<\/p>\n<h3>Seguridad P\u00fablica en el Legislativo:<\/h3>\n<p>Esta l\u00ednea tiene como objetivo analizar los discursos de diputados estatales de la Asamblea Legislativa del Estado de R\u00edo de Janeiro (ALERJ) sobre seguridad p\u00fablica y los proyectos de ley formulados en el \u00e1mbito de esa instituci\u00f3n legislativa.<\/p>\n<h3>Educaci\u00f3n y Violencia:<\/h3>\n<p>Esta l\u00ednea tiene como objeto los posibles impactos sociales de las UPPs, observando los efectos en la dimensi\u00f3n educativa sobre din\u00e1micas y resultados escolares, sobre las trayectorias de los estudiantes y profesores.<\/p>\n","protected":false},"excerpt":{"rendered":"<p>Monitor de la Letalidad Policial: En este proyecto los investigadores asumieron la tarea de establecer una metodolog\u00eda com\u00fan para monitorear el uso de la fuerza letal en cinco pa\u00edses de Am\u00e9rica Latina: Brasil, Colombia, El Salvador, M\u00e9xico y Venezuela. En el \u00e1mbito del proyecto, se cre\u00f3 una peque\u00f1a red de investigadores que acordaron un conjunto [&hellip;]<\/p>\n","protected":false},"author":1,"featured_media":0,"parent":0,"menu_order":0,"comment_status":"closed","ping_status":"closed","template":"","meta":{"footnotes":""},"class_list":["post-14","page","type-page","status-publish","hentry"],"acf":[],"_links":{"self":[{"href":"https:\/\/lav-uerj.org\/es\/wp-json\/wp\/v2\/pages\/14"}],"collection":[{"href":"https:\/\/lav-uerj.org\/es\/wp-json\/wp\/v2\/pages"}],"about":[{"href":"https:\/\/lav-uerj.org\/es\/wp-json\/wp\/v2\/types\/page"}],"author":[{"embeddable":true,"href":"https:\/\/lav-uerj.org\/es\/wp-json\/wp\/v2\/users\/1"}],"replies":[{"embeddable":true,"href":"https:\/\/lav-uerj.org\/es\/wp-json\/wp\/v2\/comments?post=14"}],"version-history":[{"count":7,"href":"https:\/\/lav-uerj.org\/es\/wp-json\/wp\/v2\/pages\/14\/revisions"}],"predecessor-version":[{"id":601,"href":"https:\/\/lav-uerj.org\/es\/wp-json\/wp\/v2\/pages\/14\/revisions\/601"}],"wp:attachment":[{"href":"https:\/\/lav-uerj.org\/es\/wp-json\/wp\/v2\/media?parent=14"}],"curies":[{"name":"wp","href":"https:\/\/api.w.org\/{rel}","templated":true}]}}