{"id":22,"date":"2020-05-02T14:04:04","date_gmt":"2020-05-02T17:04:04","guid":{"rendered":"http:\/\/localhost\/~rafaelortman\/LAV\/wordpress\/?page_id=22"},"modified":"2020-05-02T18:59:15","modified_gmt":"2020-05-02T21:59:15","slug":"contato","status":"publish","type":"page","link":"https:\/\/lav-uerj.org\/es\/contato\/","title":{"rendered":"Contato"},"content":{"rendered":"<p>O Laborat\u00f3rio de An\u00e1lise da Viol\u00eancia est\u00e1 localizado na Oficina de Ensino e Pesquisa em Ci\u00eancias Sociais da Universidade do Estado do Rio de Janeiro (UERJ), em parceria com o Quantidados.<\/p>\n<p>O endere\u00e7o \u00e9 Rua S\u00e3o Francisco Xavier, 524, 9\u00ba andar, bloco F, sala 9103. CEP: 20550-900. Rio de Janeiro, RJ, Brasil.<\/p>\n<p>Tel: 2334-0944.<\/p>\n<p>E-mail: <a href=\"mailto:lav@uerj.br\">lav@uerj.br<\/a><\/p>\n","protected":false},"excerpt":{"rendered":"<p>O Laborat\u00f3rio de An\u00e1lise da Viol\u00eancia est\u00e1 localizado na Oficina de Ensino e Pesquisa em Ci\u00eancias Sociais da Universidade do Estado do Rio de Janeiro (UERJ), em parceria com o Quantidados. O endere\u00e7o \u00e9 Rua S\u00e3o Francisco Xavier, 524, 9\u00ba andar, bloco F, sala 9103. CEP: 20550-900. Rio de Janeiro, RJ, Brasil. Tel: 2334-0944. E-mail: [&hellip;]<\/p>\n","protected":false},"author":1,"featured_media":0,"parent":0,"menu_order":0,"comment_status":"closed","ping_status":"closed","template":"","meta":{"footnotes":""},"class_list":["post-22","page","type-page","status-publish","hentry"],"acf":[],"_links":{"self":[{"href":"https:\/\/lav-uerj.org\/es\/wp-json\/wp\/v2\/pages\/22"}],"collection":[{"href":"https:\/\/lav-uerj.org\/es\/wp-json\/wp\/v2\/pages"}],"about":[{"href":"https:\/\/lav-uerj.org\/es\/wp-json\/wp\/v2\/types\/page"}],"author":[{"embeddable":true,"href":"https:\/\/lav-uerj.org\/es\/wp-json\/wp\/v2\/users\/1"}],"replies":[{"embeddable":true,"href":"https:\/\/lav-uerj.org\/es\/wp-json\/wp\/v2\/comments?post=22"}],"version-history":[{"count":3,"href":"https:\/\/lav-uerj.org\/es\/wp-json\/wp\/v2\/pages\/22\/revisions"}],"predecessor-version":[{"id":66,"href":"https:\/\/lav-uerj.org\/es\/wp-json\/wp\/v2\/pages\/22\/revisions\/66"}],"wp:attachment":[{"href":"https:\/\/lav-uerj.org\/es\/wp-json\/wp\/v2\/media?parent=22"}],"curies":[{"name":"wp","href":"https:\/\/api.w.org\/{rel}","templated":true}]}}