{"id":449,"date":"2022-02-16T11:37:34","date_gmt":"2022-02-16T14:37:34","guid":{"rendered":"http:\/\/lav-uerj.org\/wordpress\/es\/?page_id=449"},"modified":"2023-03-09T16:55:00","modified_gmt":"2023-03-09T19:55:00","slug":"formacao","status":"publish","type":"page","link":"https:\/\/lav-uerj.org\/es\/formacao\/","title":{"rendered":"Forma\u00e7\u00e3o"},"content":{"rendered":"<ul>\n<li>\n<ul>\n<li><strong>Mestrandos<\/strong>\n<ul>\n<li>Lista de alunos que foram orientados por membros do LAV com o link para suas respectivas disserta\u00e7\u00f5es (ver lista com Wagner \u2013 j\u00e1 est\u00e1 pronta)<\/li>\n<\/ul>\n<\/li>\n<li><strong>Doutorandos<\/strong>\n<ul>\n<li>Lista de alunos que foram orientados por membros do LAV com o link para suas respectivas teses (ver lista com Wagner \u2013 j\u00e1 est\u00e1 pronta)<\/li>\n<\/ul>\n<\/li>\n<li><strong>Cursos<\/strong>\n<ul>\n<li>Lista de cursos oferecidos pelo LAV:<\/li>\n<li>Curso<u><\/u>de m\u00e9todos quantitativos para an\u00e1lise de dados do sistema de justi\u00e7a criminal \u2013 oferecido em 2010 em parceria com os departamentos de Estat\u00edstica Aplicada e de Criminologia da Lancaster University<\/li>\n<\/ul>\n<\/li>\n<\/ul>\n<p>O Laborat\u00f3rio de An\u00e1lise da Viol\u00eancia da Universidade do Estado do Rio de Janeiro (LAV-UERJ) e os departamentos de Estat\u00edstica Aplicada e de Criminologia da Lancaster University realizar\u00e3o nos dias\u00a0<strong>9, 10 e 11 de junho de 2010<\/strong>\u00a0um\u00a0curso\u00a0sobre M\u00e9todos Quantitativos aplicados \u00e0 an\u00e1lise do Sistema de Justi\u00e7a Criminal. \u00a0O curso\u00a0foi financiado pelo Economic and Social Research Council (ESRC) do Reino Unido. O\u00a0curso\u00a0abordar\u00e1 basicamente as seguintes t\u00e9cnicas de an\u00e1lise, utilizando bancos de dados do sistema de justi\u00e7a criminal brasileiro e brit\u00e2nico:<\/p>\n<p>&#8211; An\u00e1lise de Regress\u00e3o M\u00faltipla aplicado ao tempo de senten\u00e7a<\/p>\n<p>&#8211; An\u00e1lise de Regress\u00e3o Log\u00edstica, aplicado \u00e0 probabilidade de condena\u00e7\u00e3o e de reincid\u00eancia<\/p>\n<p>&#8211; An\u00e1lise de Sobreviv\u00eancia, aplicado ao tempo transcorrido entre o crime e o julgamento<\/p>\n<p>&nbsp;<\/p>\n<ul>\n<li><strong>Curso de SPSS \u2013 oferecido anualmente<\/strong>\n<ul>\n<li>Apresenta\u00e7\u00e3o do software e das principais ferramentas de an\u00e1lise estat\u00edstica<\/li>\n<\/ul>\n<\/li>\n<li><strong>Curso de NVivo \u2013 oferecido em 2011<\/strong>\n<ul>\n<li>Curso sobre an\u00e1lise qualitativa de texto, som e v\u00eddeo com o programa NVIVO 9, com a introdu\u00e7\u00e3o ao CAQDAS, tipos de materiais emp\u00edricos pass\u00edveis de an\u00e1lise, operacionaliza\u00e7\u00e3o dos dados, cria\u00e7\u00e3o e visualiza\u00e7\u00e3o dos n\u00f3s, codifica\u00e7\u00e3o e tratamento dos n\u00f3s para an\u00e1lise, sistematiza\u00e7\u00e3o dos dados e buscas, mecanismos de pesquisa e codifica\u00e7\u00e3o autom\u00e1tica na base de dados e ferramentas de indexa\u00e7\u00e3o, busca e an\u00e1lise com base no sistema de codifica\u00e7\u00e3o.<\/li>\n<\/ul>\n<\/li>\n<li><strong>Curso de R \u2013 oferecido anualmente<\/strong>\n<ul>\n<li>Apresenta\u00e7\u00e3o do software e das principais ferramentas de an\u00e1lise estat\u00edstica<\/li>\n<\/ul>\n<\/li>\n<li><strong>Curso de extens\u00e3o em gest\u00e3o em seguran\u00e7a p\u00fablica<\/strong><\/li>\n<\/ul>\n<p>Criado em 1999, quando abriu sua primeira turma, o curso de gest\u00e3o em seguran\u00e7a p\u00fablica foi um programa de extens\u00e3o do ent\u00e3o Departamento de Ci\u00eancias Sociais da UERJ sob coordena\u00e7\u00e3o de pesquisadores que viriam, em 2002, a fundar o LAV. Com financiamento da Secretaria de Seguran\u00e7a do Estado do Rio de Janeiro e apoio do NUSEG, o programa reuniu professores de diferentes unidades da UERJ e convidados de outras institui\u00e7\u00f5es de pesquisa e ensino superior do estado do Rio de Janeiro. Cada edi\u00e7\u00e3o do curso tinha dura\u00e7\u00e3o de noventa horas oferecidas ao longo de um semestre letivo, reunindo sessenta estudantes em cada uma delas. As vagas eram preenchidas por policiais civis, policiais militares, agentes do Desipe (\u00f3rg\u00e3o respons\u00e1vel pelo sistema penitenci\u00e1rio no estado \u00e0 \u00e9poca), agentes do DEGASE e ativistas de direitos humanos. As treze edi\u00e7\u00f5es do curso foram oferecidas entre os anos de 1999 a 2006. A partir da cria\u00e7\u00e3o do LAV, em 2002, o curso ficou sob a responsabilidade do laborat\u00f3rio.oferecido a profissionais de seguran\u00e7a, policiais civis e militares, agentes do sistema penitenci\u00e1rio e ativistas em direitos humanos.<\/li>\n<\/ul>\n","protected":false},"excerpt":{"rendered":"<p>Mestrandos Lista de alunos que foram orientados por membros do LAV com o link para suas respectivas disserta\u00e7\u00f5es (ver lista com Wagner \u2013 j\u00e1 est\u00e1 pronta) Doutorandos Lista de alunos que foram orientados por membros do LAV com o link para suas respectivas teses (ver lista com Wagner \u2013 j\u00e1 est\u00e1 pronta) Cursos Lista de [&hellip;]<\/p>\n","protected":false},"author":1,"featured_media":0,"parent":0,"menu_order":0,"comment_status":"closed","ping_status":"closed","template":"","meta":{"footnotes":""},"class_list":["post-449","page","type-page","status-publish","hentry"],"acf":[],"_links":{"self":[{"href":"https:\/\/lav-uerj.org\/es\/wp-json\/wp\/v2\/pages\/449"}],"collection":[{"href":"https:\/\/lav-uerj.org\/es\/wp-json\/wp\/v2\/pages"}],"about":[{"href":"https:\/\/lav-uerj.org\/es\/wp-json\/wp\/v2\/types\/page"}],"author":[{"embeddable":true,"href":"https:\/\/lav-uerj.org\/es\/wp-json\/wp\/v2\/users\/1"}],"replies":[{"embeddable":true,"href":"https:\/\/lav-uerj.org\/es\/wp-json\/wp\/v2\/comments?post=449"}],"version-history":[{"count":29,"href":"https:\/\/lav-uerj.org\/es\/wp-json\/wp\/v2\/pages\/449\/revisions"}],"predecessor-version":[{"id":456,"href":"https:\/\/lav-uerj.org\/es\/wp-json\/wp\/v2\/pages\/449\/revisions\/456"}],"wp:attachment":[{"href":"https:\/\/lav-uerj.org\/es\/wp-json\/wp\/v2\/media?parent=449"}],"curies":[{"name":"wp","href":"https:\/\/api.w.org\/{rel}","templated":true}]}}